{"id":8128,"date":"2021-05-03T08:24:37","date_gmt":"2021-05-03T05:24:37","guid":{"rendered":"https:\/\/erasmus.avrasya.edu.tr\/?page_id=8128"},"modified":"2023-01-02T16:21:42","modified_gmt":"2023-01-02T13:21:42","slug":"erasmus-policy-statement","status":"publish","type":"page","link":"https:\/\/erasmus.avrasya.edu.tr\/?page_id=8128","title":{"rendered":"Erasmus Policy Statement"},"content":{"rendered":"\n<div data-wp-interactive=\"core\/file\" class=\"wp-block-file\"><object data-wp-bind--hidden=\"!state.hasPdfPreview\" hidden class=\"wp-block-file__embed\" data=\"https:\/\/erasmus.avrasya.edu.tr\/wp-content\/uploads\/2023\/01\/ERASMUS-Policy.pdf\" type=\"application\/pdf\" style=\"width:100%;height:600px\" aria-label=\"ERASMUS-Policy g\u00f6m\u00fcs\u00fc.\"><\/object><a id=\"wp-block-file--media-8b3d672f-fd41-4e5a-8f62-27580dc2954c\" href=\"https:\/\/erasmus.avrasya.edu.tr\/wp-content\/uploads\/2023\/01\/ERASMUS-Policy.pdf\">ERASMUS-Policy<\/a><\/div>\n","protected":false},"excerpt":{"rendered":"","protected":false},"author":1,"featured_media":0,"parent":0,"menu_order":0,"comment_status":"closed","ping_status":"closed","template":"","meta":{"footnotes":""},"class_list":["post-8128","page","type-page","status-publish","hentry"],"_links":{"self":[{"href":"https:\/\/erasmus.avrasya.edu.tr\/index.php?rest_route=\/wp\/v2\/pages\/8128","targetHints":{"allow":["GET"]}}],"collection":[{"href":"https:\/\/erasmus.avrasya.edu.tr\/index.php?rest_route=\/wp\/v2\/pages"}],"about":[{"href":"https:\/\/erasmus.avrasya.edu.tr\/index.php?rest_route=\/wp\/v2\/types\/page"}],"author":[{"embeddable":true,"href":"https:\/\/erasmus.avrasya.edu.tr\/index.php?rest_route=\/wp\/v2\/users\/1"}],"replies":[{"embeddable":true,"href":"https:\/\/erasmus.avrasya.edu.tr\/index.php?rest_route=%2Fwp%2Fv2%2Fcomments&post=8128"}],"version-history":[{"count":4,"href":"https:\/\/erasmus.avrasya.edu.tr\/index.php?rest_route=\/wp\/v2\/pages\/8128\/revisions"}],"predecessor-version":[{"id":8186,"href":"https:\/\/erasmus.avrasya.edu.tr\/index.php?rest_route=\/wp\/v2\/pages\/8128\/revisions\/8186"}],"wp:attachment":[{"href":"https:\/\/erasmus.avrasya.edu.tr\/index.php?rest_route=%2Fwp%2Fv2%2Fmedia&parent=8128"}],"curies":[{"name":"wp","href":"https:\/\/api.w.org\/{rel}","templated":true}]}}