{"id":8094,"date":"2026-03-24T14:51:09","date_gmt":"2026-03-24T11:51:09","guid":{"rendered":"https:\/\/erasmus.avrasya.edu.tr\/?page_id=8094"},"modified":"2026-03-24T14:51:10","modified_gmt":"2026-03-24T11:51:10","slug":"ikili-anlasmalar","status":"publish","type":"page","link":"https:\/\/erasmus.avrasya.edu.tr\/?page_id=8094","title":{"rendered":"\u0130kili Anla\u015fmalar"},"content":{"rendered":"\n<div data-wp-interactive=\"core\/file\" class=\"wp-block-file\"><object data-wp-bind--hidden=\"!state.hasPdfPreview\" hidden class=\"wp-block-file__embed\" data=\"https:\/\/erasmus.avrasya.edu.tr\/wp-content\/uploads\/2026\/03\/ERASMUS-Ikili-Anlasmalar-2026.pdf\" type=\"application\/pdf\" style=\"width:100%;height:600px\" aria-label=\"ERASMUS+ \u0130kili Anla\u015fmalar-2026 g\u00f6m\u00fcs\u00fc.\"><\/object><a id=\"wp-block-file--media-e3131f26-3476-4f4b-ac8e-3a4b9bfb5136\" href=\"https:\/\/erasmus.avrasya.edu.tr\/wp-content\/uploads\/2026\/03\/ERASMUS-Ikili-Anlasmalar-2026.pdf\">ERASMUS+ \u0130kili Anla\u015fmalar-2026<\/a><a href=\"https:\/\/erasmus.avrasya.edu.tr\/wp-content\/uploads\/2026\/03\/ERASMUS-Ikili-Anlasmalar-2026.pdf\" class=\"wp-block-file__button wp-element-button\" download aria-describedby=\"wp-block-file--media-e3131f26-3476-4f4b-ac8e-3a4b9bfb5136\">\u0130ndir<\/a><\/div>\n","protected":false},"excerpt":{"rendered":"","protected":false},"author":1,"featured_media":0,"parent":0,"menu_order":0,"comment_status":"closed","ping_status":"closed","template":"","meta":{"footnotes":""},"class_list":["post-8094","page","type-page","status-publish","hentry"],"_links":{"self":[{"href":"https:\/\/erasmus.avrasya.edu.tr\/index.php?rest_route=\/wp\/v2\/pages\/8094","targetHints":{"allow":["GET"]}}],"collection":[{"href":"https:\/\/erasmus.avrasya.edu.tr\/index.php?rest_route=\/wp\/v2\/pages"}],"about":[{"href":"https:\/\/erasmus.avrasya.edu.tr\/index.php?rest_route=\/wp\/v2\/types\/page"}],"author":[{"embeddable":true,"href":"https:\/\/erasmus.avrasya.edu.tr\/index.php?rest_route=\/wp\/v2\/users\/1"}],"replies":[{"embeddable":true,"href":"https:\/\/erasmus.avrasya.edu.tr\/index.php?rest_route=%2Fwp%2Fv2%2Fcomments&post=8094"}],"version-history":[{"count":5,"href":"https:\/\/erasmus.avrasya.edu.tr\/index.php?rest_route=\/wp\/v2\/pages\/8094\/revisions"}],"predecessor-version":[{"id":8211,"href":"https:\/\/erasmus.avrasya.edu.tr\/index.php?rest_route=\/wp\/v2\/pages\/8094\/revisions\/8211"}],"wp:attachment":[{"href":"https:\/\/erasmus.avrasya.edu.tr\/index.php?rest_route=%2Fwp%2Fv2%2Fmedia&parent=8094"}],"curies":[{"name":"wp","href":"https:\/\/api.w.org\/{rel}","templated":true}]}}