{"id":8090,"date":"2021-04-29T16:22:42","date_gmt":"2021-04-29T13:22:42","guid":{"rendered":"https:\/\/erasmus.avrasya.edu.tr\/?page_id=8090"},"modified":"2023-01-02T16:26:49","modified_gmt":"2023-01-02T13:26:49","slug":"anasayfa","status":"publish","type":"page","link":"https:\/\/erasmus.avrasya.edu.tr\/","title":{"rendered":"Genel Bilgiler"},"content":{"rendered":"\n<figure class=\"wp-block-image\"><img loading=\"lazy\" decoding=\"async\" width=\"1226\" height=\"206\" src=\"https:\/\/erasmus.avrasya.edu.tr\/wp-content\/uploads\/2021\/05\/UlusalAjans_Logo.png\" alt=\"\" class=\"wp-image-8146\" srcset=\"https:\/\/erasmus.avrasya.edu.tr\/wp-content\/uploads\/2021\/05\/UlusalAjans_Logo.png 1226w, https:\/\/erasmus.avrasya.edu.tr\/wp-content\/uploads\/2021\/05\/UlusalAjans_Logo-300x50.png 300w, https:\/\/erasmus.avrasya.edu.tr\/wp-content\/uploads\/2021\/05\/UlusalAjans_Logo-1024x172.png 1024w, https:\/\/erasmus.avrasya.edu.tr\/wp-content\/uploads\/2021\/05\/UlusalAjans_Logo-768x129.png 768w\" sizes=\"auto, (max-width: 1226px) 100vw, 1226px\" \/><\/figure>\n\n\n\n<p><strong>B\u0130REYLER\u0130N \u00d6\u011eRENME HAREKETL\u0130L\u0130\u011e\u0130<\/strong><\/p>\n\n\n\n<ol class=\"wp-block-list\">\n<li><strong><\/strong><p align=\"justify\"><strong>\u00d6\u011frencilerin ve Personelin Hareketlili\u011fi:<\/strong>&nbsp;\u00d6\u011frencilerin, akademik ve idari personelin bir ba\u015fka kurumda e\u011fitim almas\u0131, ders vermesi ya da mesleki staj yapmas\u0131 faaliyetleridir.<\/p><\/li>\n\n\n\n<li align=\"justify\"><strong>Ortak Y\u00fcksek Lisans Derecesi:<\/strong>&nbsp;Erasmus + Program\u0131, \u00fcniversiteler aras\u0131nda olu\u015fturulacak konsorsiyumlar\u0131n ger\u00e7ekle\u015ftirece\u011fi, en ba\u015far\u0131l\u0131 Y\u00fcksek Lisans \u00f6\u011frencilerini hedefleyen y\u00fcksek d\u00fczeyli uluslararas\u0131 entegre ortak YL derecelerini desteklemektedir. Programlara kabul edilecek \u00f6\u011fenciler tam burslu olmaya hak kazanacaklard\u0131r.<\/li>\n\n\n\n<li align=\"justify\"><strong>Y\u00fcksek Lisans \u00d6\u011frencisi Kredi Garantisi:<\/strong>&nbsp;Y\u00fcksek Lisans\u0131n\u0131 yurtd\u0131\u015f\u0131nda yapmak isteyen \u00f6\u011frencilerin bankalardan Programme kapsam\u0131nda garanti edilen kredi alabilmelerine olanak sa\u011flayan faaliyetidir. \u00d6\u011frencilerin ulusal bankalar\u0131na ya da \u00f6\u011frenci kredisi veren kurumlara ba\u015fvurmalar\u0131 gerekmektedir.<\/li>\n<\/ol>\n\n\n\n<p><strong>YEN\u0130L\u0130K ve \u0130Y\u0130 UYGULAMALARIN DE\u011e\u0130\u015e\u0130M\u0130 \u0130\u00c7\u0130N \u0130\u015eB\u0130RL\u0130\u011e\u0130<\/strong><\/p>\n\n\n\n<p align=\"justify\">Ana Eylem 2, E\u011fitim, \u00f6\u011fretim, gen\u00e7lik, \u00fcniversite i\u015f d\u00fcnyas\u0131 i\u015fbirli\u011fi ve bilgi payla\u015f\u0131m\u0131 alanlar\u0131nda yeni y\u00f6ntemlerin geli\u015ftirilmesi ve iyi uygulamalar\u0131n&nbsp;<strong>Erasmus+<\/strong>&nbsp;program\u0131na kat\u0131lan kurum ve kurulu\u015flar aras\u0131nda payla\u015f\u0131lmas\u0131n\u0131 desteklemektedir:<\/p>\n\n\n\n<p><strong>Stratejik Ortakl\u0131klar<\/strong><\/p>\n\n\n\n<p align=\"justify\">Yenilik ve \u0130yi Uygulama De\u011fi\u015fimi i\u00e7in \u0130\u015fbirli\u011fi ana eylemi (Key Action 2, KA2) alt\u0131nda yer alan bu faaliyet ile kurumsal, yerel, b\u00f6lgesel, ulusal veya uluslararas\u0131 d\u00fczeyde yenilik\u00e7i uygulamalar\u0131n geli\u015ftirilmesi, transfer edilmesi ve\/veya uygulanmas\u0131 amac\u0131yla, Program \u00fcyesi \u00fclkelerin e\u011fitim kurumlar\u0131 aras\u0131nda stratejik ortakl\u0131k projeleri desteklenmektedir.<\/p>\n\n\n\n<p><a target=\"_blank\" href=\"http:\/\/www.ua.gov.tr\/programlar\/erasmus-program%C4%B1\/merkezi-faaliyetler\/bilgi-ortakl%C4%B1klar%C4%B1\" rel=\"noreferrer noopener\"><strong>Bilgi Ortakl\u0131klar\u0131<\/strong><\/a><\/p>\n\n\n\n<p align=\"justify\">Bilgi Ortakl\u0131klar\u0131, Erasmus+ Program\u0131 Kurumsal \u0130\u015fbirlikleri faaliyeti kapsam\u0131nda desteklenen, y\u00fcksek\u00f6\u011fretim ve i\u015f d\u00fcnyas\u0131 aras\u0131nda bir k\u00f6pr\u00fc kurmay\u0131 hedefleyen uluslararas\u0131, yap\u0131land\u0131r\u0131lm\u0131\u015f ve sonu\u00e7 odakl\u0131 projelerdir. Bilgi Ortakl\u0131klar\u0131 ile y\u00fcksek\u00f6\u011fretim, i\u015f d\u00fcnyas\u0131 ve daha geni\u015f sosyo-ekonomik \u00e7evrede yenilik\u00e7ili\u011fin (inovasyon) te\u015fvik edilerek Avrupa\u2019n\u0131n yenilik\u00e7ilik kapasitesinin g\u00fc\u00e7lendirilmesi hedeflenmektedir. Faaliyetin 3 temel \u00f6zelli\u011fi \u015f\u00f6yle s\u0131ralanabilir:<\/p>\n\n\n\n<ul class=\"wp-block-list\">\n<li>Y\u00fcksek\u00f6\u011fretimde yenilik \/ inovasyon<\/li>\n\n\n\n<li>\u00dcniversite-i\u015f d\u00fcnyas\u0131 i\u015fbirli\u011finin s\u00fcrd\u00fcr\u00fclebilirli\u011fi<\/li>\n\n\n\n<li>Proje s\u00fcresince ve sonras\u0131nda ortaya \u00e7\u0131kan etki<\/li>\n<\/ul>\n\n\n\n<p><a target=\"_blank\" href=\"http:\/\/www.ua.gov.tr\/programlar\/erasmus-program%C4%B1\/merkezi-faaliyetler\/sekt%C3%B6rel-beceri-ortakl%C4%B1klar%C4%B1\" rel=\"noreferrer noopener\"><strong>Sekt\u00f6rel Beceri Ortakl\u0131klar\u0131<\/strong><\/a><\/p>\n\n\n\n<p align=\"justify\">Sekt\u00f6rel Beceri Ortakl\u0131klar\u0131, belli bir ekonomik sekt\u00f6rde i\u015fg\u00fcc\u00fc piyasas\u0131n\u0131n duydu\u011fu sekt\u00f6rel beceri ihtiya\u00e7lar\u0131na ve bir veya birden fazla mesleki alanla ilgili eni beceri taleplerine, mesleki e\u011fitim sistemlerinin yan\u0131t verebilirli\u011fini art\u0131rmay\u0131 hedeflemektedir.<\/p>\n\n\n\n<p><a target=\"_blank\" href=\"http:\/\/www.ua.gov.tr\/programlar\/erasmus-program%C4%B1\/merkezi-faaliyetler\/gen%C3%A7lik-alan%C4%B1nda-kapasite-geli%C5%9Ftirme\" rel=\"noreferrer noopener\"><strong>Gen\u00e7lik Alan\u0131nda Kapasite Geli\u015ftirme<\/strong><\/a><\/p>\n\n\n\n<p align=\"justify\">Kapasite Geli\u015ftirme Projeleri, Program \u00dclkeleri ve Ortak \u00dclkelerde gen\u00e7lik alan\u0131nda faal olan \u00e7ok tarafl\u0131 ortakl\u0131klara dayanan ulus \u00f6tesi i\u015fbirli\u011fi projeleridir. Bunlar e\u011fitim ve \u00f6\u011fretimin di\u011fer alanlar\u0131ndan ve di\u011fer sosyo-ekonomik sekt\u00f6rlerden kurum\/kurulu\u015flar\u0131 da kapsayabilir. Gen\u00e7lik Kapasite-Geli\u015ftirme Projelerinin ama\u00e7lar\u0131 \u015fu \u015fekildedir:<\/p>\n\n\n\n<ul class=\"wp-block-list\">\n<li align=\"justify\">D\u00fcnyan\u0131n farkl\u0131 b\u00f6lgelerinden gelen Program \u00dclkeleri ve Ortak \u00dclkeler aras\u0131nda gen\u00e7lik alan\u0131ndaki i\u015fbirli\u011fini ve de\u011fi\u015fimleri te\u015fvik etmek,<\/li>\n\n\n\n<li align=\"justify\">Ortak \u00dclkelerde gen\u00e7lik \u00e7al\u0131\u015fmas\u0131n\u0131n, yayg\u0131n \u00f6\u011frenmenin ve g\u00f6n\u00fcll\u00fc\u011f\u00fcn\u00fcn kalitesi ve tan\u0131nmas\u0131 konusunda iyile\u015fme sa\u011flamak; di\u011fer e\u011fitim sistemleri, i\u015fg\u00fcc\u00fc piyasas\u0131 ve toplum ile olan sinerjilerini ve tamamlay\u0131c\u0131l\u0131klar\u0131n\u0131 geli\u015ftirmek,<\/li>\n\n\n\n<li align=\"justify\">B\u00f6lgesel seviyede (ba\u015fka bir deyi\u015fle d\u00fcnya b\u00f6lgelerinin i\u00e7inde ve aras\u0131nda) yayg\u0131n \u00f6\u011frenme hareketlili\u011fi tasar\u0131lar\u0131 ve programlar\u0131n\u0131n geli\u015ftirmesini, test edilmesini ve ba\u015flat\u0131lmas\u0131n\u0131 te\u015fvik etme,<\/li>\n\n\n\n<li align=\"justify\">\u00d6zellikle imkan\u0131 k\u0131s\u0131tl\u0131 gen\u00e7leri hedefleyerek, kat\u0131l\u0131mc\u0131lar\u0131n yeterlilik seviyelerini iyile\u015ftirmek ve topluma aktif kat\u0131l\u0131mlar\u0131n\u0131 te\u015fvik etmek amac\u0131yla, Program \u00dclkeleri ve Ortak \u00dclkeler aras\u0131nda ulus \u00f6tesi yayg\u0131n \u00f6\u011frenme hareketlili\u011fini desteklemek.<\/li>\n<\/ul>\n\n\n\n<p><\/p>\n","protected":false},"excerpt":{"rendered":"<p>B\u0130REYLER\u0130N \u00d6\u011eRENME HAREKETL\u0130L\u0130\u011e\u0130 YEN\u0130L\u0130K ve \u0130Y\u0130 UYGULAMALARIN DE\u011e\u0130\u015e\u0130M\u0130 \u0130\u00c7\u0130N \u0130\u015eB\u0130RL\u0130\u011e\u0130 Ana Eylem 2, E\u011fitim, \u00f6\u011fretim, gen\u00e7lik, \u00fcniversite i\u015f d\u00fcnyas\u0131 i\u015fbirli\u011fi ve bilgi payla\u015f\u0131m\u0131 alanlar\u0131nda yeni y\u00f6ntemlerin geli\u015ftirilmesi ve iyi uygulamalar\u0131n&nbsp;Erasmus+&nbsp;program\u0131na [&hellip;]<\/p>\n","protected":false},"author":1,"featured_media":0,"parent":0,"menu_order":0,"comment_status":"closed","ping_status":"closed","template":"","meta":{"footnotes":""},"class_list":["post-8090","page","type-page","status-publish","hentry"],"_links":{"self":[{"href":"https:\/\/erasmus.avrasya.edu.tr\/index.php?rest_route=\/wp\/v2\/pages\/8090","targetHints":{"allow":["GET"]}}],"collection":[{"href":"https:\/\/erasmus.avrasya.edu.tr\/index.php?rest_route=\/wp\/v2\/pages"}],"about":[{"href":"https:\/\/erasmus.avrasya.edu.tr\/index.php?rest_route=\/wp\/v2\/types\/page"}],"author":[{"embeddable":true,"href":"https:\/\/erasmus.avrasya.edu.tr\/index.php?rest_route=\/wp\/v2\/users\/1"}],"replies":[{"embeddable":true,"href":"https:\/\/erasmus.avrasya.edu.tr\/index.php?rest_route=%2Fwp%2Fv2%2Fcomments&post=8090"}],"version-history":[{"count":4,"href":"https:\/\/erasmus.avrasya.edu.tr\/index.php?rest_route=\/wp\/v2\/pages\/8090\/revisions"}],"predecessor-version":[{"id":8199,"href":"https:\/\/erasmus.avrasya.edu.tr\/index.php?rest_route=\/wp\/v2\/pages\/8090\/revisions\/8199"}],"wp:attachment":[{"href":"https:\/\/erasmus.avrasya.edu.tr\/index.php?rest_route=%2Fwp%2Fv2%2Fmedia&parent=8090"}],"curies":[{"name":"wp","href":"https:\/\/api.w.org\/{rel}","templated":true}]}}